{"id":5332,"date":"2020-02-20T03:14:56","date_gmt":"2020-02-20T09:14:56","guid":{"rendered":"http:\/\/fitnessmania.com.mx\/?page_id=5332"},"modified":"2021-06-29T16:01:25","modified_gmt":"2021-06-29T21:01:25","slug":"nosotros","status":"publish","type":"page","link":"https:\/\/fitnessmania.com.mx\/en\/nosotros\/","title":{"rendered":"Nosotros"},"content":{"rendered":"<div class=\"wpb-content-wrapper\"><div class=\"vc_row wpb_row vc_row-fluid\"><div class=\"wpb_column vc_column_container vc_col-sm-12\"><div class=\"vc_column-inner \"><div class=\"wpb_wrapper\"><div id=\"1548224318111-56ec2b75-c7e3\" class=\"dt-sc-empty-space\"><\/div><div class='dt-sc-title border-title aligncenter'><h2>Nosotros<\/h2><\/div><div id=\"1582178412049-3efbb717-cd33\" class=\"dt-sc-empty-space\"><\/div><\/div><\/div><\/div><\/div><div data-vc-full-width=\"true\" data-vc-full-width-init=\"false\" class=\"vc_row wpb_row vc_row-fluid vc_custom_1582191877216 vc_row-o-content-middle vc_row-flex\"><div class=\"rs_col-sm-12 wpb_column vc_column_container vc_col-sm-6\"><div class=\"vc_column-inner \"><div class=\"wpb_wrapper\">\n\t<div class=\"wpb_text_column wpb_content_element \" >\n\t\t<div class=\"wpb_wrapper\">\n\t\t\t<p style=\"text-align: left; text-size: 24px;\"><strong><span style=\"color: #ffffff;\">\u00bfQU\u00c9 ES FITNESSMANIA?<\/span><\/strong><\/p>\n<p style=\"text-align: left;\"><span style=\"color: #ffffff;\">Somos una\u00a0 liga deportiva integral, que busca unir todos los elementos del fitness, con la finalidad de ser la plataforma mas grande iniciando en nuestro pa\u00eds M\u00e9xico.<\/span><\/p>\n<ul>\n<li style=\"text-align: left;\"><span style=\"color: #ffffff;\"><b>EVENTOS NATURALES FITNESSMANIA 2020<\/b><\/span><\/li>\n<li style=\"text-align: left;\"><span style=\"color: #ffffff;\"><b>CONGRESOS FITNESSMANIA 2020<\/b><\/span><\/li>\n<li style=\"text-align: left;\"><span style=\"color: #ffffff;\"><b>EXPO FITNESSMANIA <\/b><b>2021<\/b><\/span><\/li>\n<\/ul>\n\n\t\t<\/div>\n\t<\/div>\n<div id=\"1548248124409-cf4cf338-2d4d\" class=\"dt-sc-empty-space\"><\/div><\/div><\/div><\/div><div class=\"rs_col-sm-12 wpb_column vc_column_container vc_col-sm-6\"><div class=\"vc_column-inner \"><div class=\"wpb_wrapper\">\n\t<div  class=\"wpb_single_image wpb_content_element vc_align_center wpb_content_element\">\n\t\t\n\t\t<figure class=\"wpb_wrapper vc_figure\">\n\t\t\t<div class=\"vc_single_image-wrapper   vc_box_border_grey\"><img loading=\"lazy\" decoding=\"async\" width=\"300\" height=\"281\" src=\"https:\/\/fitnessmania.com.mx\/wp-content\/uploads\/2020\/02\/Logo_FitnessMania-1-300x281.png\" class=\"vc_single_image-img attachment-medium\" alt=\"\" title=\"Logo_FitnessMania\" srcset=\"https:\/\/fitnessmania.com.mx\/wp-content\/uploads\/2020\/02\/Logo_FitnessMania-1-300x281.png 300w, https:\/\/fitnessmania.com.mx\/wp-content\/uploads\/2020\/02\/Logo_FitnessMania-1-540x505.png 540w, https:\/\/fitnessmania.com.mx\/wp-content\/uploads\/2020\/02\/Logo_FitnessMania-1-600x562.png 600w, https:\/\/fitnessmania.com.mx\/wp-content\/uploads\/2020\/02\/Logo_FitnessMania-1.png 688w\" sizes=\"auto, (max-width: 300px) 100vw, 300px\" \/><\/div>\n\t\t<\/figure>\n\t<\/div>\n<\/div><\/div><\/div><\/div><div class=\"vc_row-full-width vc_clearfix\"><\/div><!-- Row Backgrounds --><div class=\"upb_bg_img\" data-ultimate-bg=\"url(https:\/\/fitnessmania.com.mx\/wp-content\/uploads\/2020\/02\/Fondo_Nosotros.jpg)\" data-image-id=\"id^5348|url^http:\/\/fitnessmania.com.mx\/wp-content\/uploads\/2020\/02\/Fondo_Nosotros.jpg|caption^null|alt^null|title^Fondo_Nosotros|description^null\" data-ultimate-bg-style=\"vcpb-vz-jquery\" data-bg-img-repeat=\"no-repeat\" data-bg-img-size=\"cover\" data-bg-img-position=\"\" data-parallx_sense=\"30\" data-bg-override=\"0\" data-bg_img_attach=\"scroll\" data-upb-overlay-color=\"\" data-upb-bg-animation=\"\" data-fadeout=\"\" data-bg-animation=\"left-animation\" data-bg-animation-type=\"h\" data-animation-repeat=\"repeat\" data-fadeout-percentage=\"30\" data-parallax-content=\"\" data-parallax-content-sense=\"30\" data-row-effect-mobile-disable=\"true\" data-img-parallax-mobile-disable=\"true\" data-rtl=\"false\"  data-custom-vc-row=\"\"  data-vc=\"8.1\"  data-is_old_vc=\"\"  data-theme-support=\"\"   data-overlay=\"false\" data-overlay-color=\"\" data-overlay-pattern=\"\" data-overlay-pattern-opacity=\"\" data-overlay-pattern-size=\"\"    ><\/div><div class=\"vc_row wpb_row vc_row-fluid\"><div class=\"wpb_column vc_column_container vc_col-sm-12\"><div class=\"vc_column-inner \"><div class=\"wpb_wrapper\"><div id=\"1582191483583-1e74bf88-e774\" class=\"dt-sc-empty-space\"><\/div><div class='dt-sc-title with-two-color-bg aligncenter'><h2>Misi\u00f3n<\/h2><\/div><div id=\"1582191483703-c730ec7f-d07f\" class=\"dt-sc-empty-space\"><\/div>\n\t<div class=\"wpb_text_column wpb_content_element \" >\n\t\t<div class=\"wpb_wrapper\">\n\t\t\t<h1>Contribuir al desarrollo integral del fitness mediante la innovaci\u00f3n, respaldo acad\u00e9mico, organizaci\u00f3n de eventos\u00a0 y la aplicaci\u00f3n de un conjunto de servicios que fortalezcan el fitness atendiendo los mejores principios de calidad y excelencia en todo lo que representa FITNESSMANIA.<\/h1>\n\n\t\t<\/div>\n\t<\/div>\n<\/div><\/div><\/div><\/div><div class=\"vc_row wpb_row vc_row-fluid\"><div class=\"wpb_column vc_column_container vc_col-sm-12\"><div class=\"vc_column-inner \"><div class=\"wpb_wrapper\"><div id=\"1582192294471-2effe07d-56f5\" class=\"dt-sc-empty-space\"><\/div><div class='dt-sc-title with-two-color-bg aligncenter'><h2>Visi\u00f3n<\/h2><\/div><div id=\"1582192294586-f440cc85-a9ac\" class=\"dt-sc-empty-space\"><\/div>\n\t<div class=\"wpb_text_column wpb_content_element \" >\n\t\t<div class=\"wpb_wrapper\">\n\t\t\t<h1>Ser la plataforma mas grande del Fitness en M\u00e9xico. Liderando en todas nuestras \u00e1reas y buscado siempre la mejora continua e innovaci\u00f3n,en conjunto,\u00a0 atendiendo las necesidades de nuestros competidores, alumnos y amantes del fitness.<\/h1>\n\n\t\t<\/div>\n\t<\/div>\n<\/div><\/div><\/div><\/div><div class=\"vc_row wpb_row vc_row-fluid vc_row-o-content-middle vc_row-flex\"><div class=\"wpb_column vc_column_container vc_col-sm-12\"><div class=\"vc_column-inner \"><div class=\"wpb_wrapper\"><div id=\"1549969611380-703bb557-83cd\" class=\"dt-sc-empty-space\"><\/div><div class='dt-sc-title border-title aligncenter'><h2>Socios Comerciales<\/h2><\/div><div id=\"ult-carousel-2131669036a039e9254709\" class=\"ult-carousel-wrapper   ult_horizontal\" data-gutter=\"15\" data-rtl=\"false\" ><div class=\"ult-carousel-1455586476a039e92546d3 \" ><div class=\"ult-item-wrap\" data-animation=\"animated fadeIn\">\n\t<div  class=\"wpb_single_image wpb_content_element vc_align_center wpb_content_element\">\n\t\t\n\t\t<figure class=\"wpb_wrapper vc_figure\">\n\t\t\t<div class=\"vc_single_image-wrapper vc_box_shadow  vc_box_border_grey\"><img loading=\"lazy\" decoding=\"async\" width=\"347\" height=\"113\" src=\"https:\/\/fitnessmania.com.mx\/wp-content\/uploads\/2020\/02\/Ingenieria_Educativa.png\" class=\"vc_single_image-img attachment-full\" alt=\"\" title=\"Ingenieria_Educativa\" srcset=\"https:\/\/fitnessmania.com.mx\/wp-content\/uploads\/2020\/02\/Ingenieria_Educativa.png 347w, https:\/\/fitnessmania.com.mx\/wp-content\/uploads\/2020\/02\/Ingenieria_Educativa-300x98.png 300w\" sizes=\"auto, (max-width: 347px) 100vw, 347px\" \/><\/div>\n\t\t<\/figure>\n\t<\/div>\n<\/div><div class=\"ult-item-wrap\" data-animation=\"animated fadeIn\">\n\t<div  class=\"wpb_single_image wpb_content_element vc_align_left wpb_content_element\">\n\t\t\n\t\t<figure class=\"wpb_wrapper vc_figure\">\n\t\t\t<div class=\"vc_single_image-wrapper   vc_box_border_grey\"><img loading=\"lazy\" decoding=\"async\" width=\"2492\" height=\"1085\" src=\"https:\/\/fitnessmania.com.mx\/wp-content\/uploads\/2020\/02\/Logo.png\" class=\"vc_single_image-img attachment-full\" alt=\"\" title=\"Logo\" srcset=\"https:\/\/fitnessmania.com.mx\/wp-content\/uploads\/2020\/02\/Logo.png 2492w, https:\/\/fitnessmania.com.mx\/wp-content\/uploads\/2020\/02\/Logo-300x131.png 300w, https:\/\/fitnessmania.com.mx\/wp-content\/uploads\/2020\/02\/Logo-1024x446.png 1024w, https:\/\/fitnessmania.com.mx\/wp-content\/uploads\/2020\/02\/Logo-768x334.png 768w, https:\/\/fitnessmania.com.mx\/wp-content\/uploads\/2020\/02\/Logo-1536x669.png 1536w, https:\/\/fitnessmania.com.mx\/wp-content\/uploads\/2020\/02\/Logo-2048x892.png 2048w, https:\/\/fitnessmania.com.mx\/wp-content\/uploads\/2020\/02\/Logo-750x327.png 750w, https:\/\/fitnessmania.com.mx\/wp-content\/uploads\/2020\/02\/Logo-540x235.png 540w, https:\/\/fitnessmania.com.mx\/wp-content\/uploads\/2020\/02\/Logo-600x261.png 600w\" sizes=\"auto, (max-width: 2492px) 100vw, 2492px\" \/><\/div>\n\t\t<\/figure>\n\t<\/div>\n<\/div><div class=\"ult-item-wrap\" data-animation=\"animated fadeIn\">\n\t<div  class=\"wpb_single_image wpb_content_element vc_align_center wpb_content_element\">\n\t\t\n\t\t<figure class=\"wpb_wrapper vc_figure\">\n\t\t\t<div class=\"vc_single_image-wrapper vc_box_shadow  vc_box_border_grey\"><img loading=\"lazy\" decoding=\"async\" width=\"455\" height=\"113\" src=\"https:\/\/fitnessmania.com.mx\/wp-content\/uploads\/2020\/02\/IIAFF.png\" class=\"vc_single_image-img attachment-full\" alt=\"\" title=\"IIAFF\" srcset=\"https:\/\/fitnessmania.com.mx\/wp-content\/uploads\/2020\/02\/IIAFF.png 455w, https:\/\/fitnessmania.com.mx\/wp-content\/uploads\/2020\/02\/IIAFF-300x75.png 300w\" sizes=\"auto, (max-width: 455px) 100vw, 455px\" \/><\/div>\n\t\t<\/figure>\n\t<\/div>\n<\/div><div class=\"ult-item-wrap\" data-animation=\"animated fadeIn\">\n\t<div  class=\"wpb_single_image wpb_content_element vc_align_center wpb_content_element\">\n\t\t\n\t\t<figure class=\"wpb_wrapper vc_figure\">\n\t\t\t<div class=\"vc_single_image-wrapper vc_box_shadow  vc_box_border_grey\"><img loading=\"lazy\" decoding=\"async\" width=\"233\" height=\"113\" src=\"https:\/\/fitnessmania.com.mx\/wp-content\/uploads\/2020\/02\/Alice.png\" class=\"vc_single_image-img attachment-full\" alt=\"\" title=\"Alice\" \/><\/div>\n\t\t<\/figure>\n\t<\/div>\n<\/div><div class=\"ult-item-wrap\" data-animation=\"animated fadeIn\">\n\t<div  class=\"wpb_single_image wpb_content_element vc_align_center wpb_content_element\">\n\t\t\n\t\t<figure class=\"wpb_wrapper vc_figure\">\n\t\t\t<div class=\"vc_single_image-wrapper vc_box_shadow  vc_box_border_grey\"><img loading=\"lazy\" decoding=\"async\" width=\"120\" height=\"113\" src=\"https:\/\/fitnessmania.com.mx\/wp-content\/uploads\/2020\/02\/Zavala.png\" class=\"vc_single_image-img attachment-full\" alt=\"\" title=\"Zavala\" \/><\/div>\n\t\t<\/figure>\n\t<\/div>\n<\/div><\/div><\/div>\t\t\t<script type=\"text\/javascript\">\n\t\t\t\tjQuery(document).ready(function ($) {\n\t\t\t\t\tif( typeof jQuery('.ult-carousel-1455586476a039e92546d3').slick == \"function\"){\n\t\t\t\t\t\t$('.ult-carousel-1455586476a039e92546d3').slick({dots: true,autoplay: true,autoplaySpeed: \"3000\",speed: \"300\",infinite: true,arrows: false,slidesToScroll:1,slidesToShow:4,swipe: true,draggable: true,touchMove: true,pauseOnHover: false,pauseOnFocus: false,responsive: [\n\t\t\t\t\t\t\t{\n\t\t\t\t\t\t\t  breakpoint: 1026,\n\t\t\t\t\t\t\t  settings: {\n\t\t\t\t\t\t\t\tslidesToShow: 4,\n\t\t\t\t\t\t\t\tslidesToScroll: 1,  \n\t\t\t\t\t\t\t  }\n\t\t\t\t\t\t\t},\n\t\t\t\t\t\t\t{\n\t\t\t\t\t\t\t  breakpoint: 1025,\n\t\t\t\t\t\t\t  settings: {\n\t\t\t\t\t\t\t\tslidesToShow: 3,\n\t\t\t\t\t\t\t\tslidesToScroll: 1\n\t\t\t\t\t\t\t  }\n\t\t\t\t\t\t\t},\n\t\t\t\t\t\t\t{\n\t\t\t\t\t\t\t  breakpoint: 760,\n\t\t\t\t\t\t\t  settings: {\n\t\t\t\t\t\t\t\tslidesToShow: 2,\n\t\t\t\t\t\t\t\tslidesToScroll: 1\n\t\t\t\t\t\t\t  }\n\t\t\t\t\t\t\t}\n\t\t\t\t\t\t],pauseOnDotsHover: true,customPaging: function(slider, i) {\n                   return '<i type=\"button\" style= \"color:#ffffff;\" class=\"ultsl-record\" data-role=\"none\"><\/i>';\n                },});\n\t\t\t\t\t}\n\t\t\t\t});\n\t\t\t<\/script>\n\t\t\t<\/div><\/div><\/div><\/div><!-- Row Backgrounds --><div class=\"upb_bg_img\" data-ultimate-bg=\"url(https:\/\/fitnessmania.com.mx\/wp-content\/uploads\/2020\/02\/Fondiu.jpg)\" data-image-id=\"id^4997|url^http:\/\/fitnessmania.com.mx\/wp-content\/uploads\/2020\/02\/Fondiu.jpg|caption^null|alt^null|title^Fondiu|description^null\" data-ultimate-bg-style=\"vcpb-vz-jquery\" data-bg-img-repeat=\"no-repeat\" data-bg-img-size=\"cover\" data-bg-img-position=\"\" data-parallx_sense=\"30\" data-bg-override=\"full\" data-bg_img_attach=\"scroll\" data-upb-overlay-color=\"\" data-upb-bg-animation=\"\" data-fadeout=\"\" data-bg-animation=\"left-animation\" data-bg-animation-type=\"h\" data-animation-repeat=\"repeat\" data-fadeout-percentage=\"30\" data-parallax-content=\"\" data-parallax-content-sense=\"30\" data-row-effect-mobile-disable=\"true\" data-img-parallax-mobile-disable=\"false\" data-rtl=\"false\"  data-custom-vc-row=\"\"  data-vc=\"8.1\"  data-is_old_vc=\"\"  data-theme-support=\"\"   data-overlay=\"false\" data-overlay-color=\"\" data-overlay-pattern=\"\" data-overlay-pattern-opacity=\"\" data-overlay-pattern-size=\"\"    ><\/div><div class=\"vc_row wpb_row vc_row-fluid\"><div class=\"wpb_column vc_column_container vc_col-sm-12\"><div class=\"vc_column-inner \"><div class=\"wpb_wrapper\"><div id=\"1548311416946-1b538aad-6dcb\" class=\"dt-sc-empty-space\"><\/div><div class='dt-sc-title with-two-color-bg aligncenter'><h2>Estrellas Fitness<\/h2><\/div><h2>Nothing Found.<\/h2><p>Apologies, but no results were found for the requested archive.<\/p><\/div><\/div><\/div><\/div><div class=\"vc_row wpb_row vc_row-fluid\"><div class=\"wpb_column vc_column_container vc_col-sm-12\"><div class=\"vc_column-inner \"><div class=\"wpb_wrapper\"><div id=\"1548151955040-a41d51bb-a224\" class=\"dt-sc-empty-space\"><\/div><div class='dt-sc-title with-two-color-bg aligncenter'><h2>Nuestro Equipo<\/h2><\/div><div class=\"vc_row wpb_row vc_inner vc_row-fluid\"><div class=\"rs_col-sm-6 wpb_column vc_column_container vc_col-sm-4\"><div class=\"vc_column-inner \"><div class=\"wpb_wrapper\"><div class='dt-sc-team default '><div class='dt-sc-team-thumb'><img loading=\"lazy\" decoding=\"async\" width=\"960\" height=\"960\" src=\"https:\/\/fitnessmania.com.mx\/wp-content\/uploads\/2020\/02\/WhatsApp-Image-2020-02-16-at-19.57.19.jpg\" class=\"attachment-full\" alt=\"\" title=\"WhatsApp Image 2020-02-16 at 19.57.19\" srcset=\"https:\/\/fitnessmania.com.mx\/wp-content\/uploads\/2020\/02\/WhatsApp-Image-2020-02-16-at-19.57.19.jpg 960w, https:\/\/fitnessmania.com.mx\/wp-content\/uploads\/2020\/02\/WhatsApp-Image-2020-02-16-at-19.57.19-300x300.jpg 300w, https:\/\/fitnessmania.com.mx\/wp-content\/uploads\/2020\/02\/WhatsApp-Image-2020-02-16-at-19.57.19-150x150.jpg 150w, https:\/\/fitnessmania.com.mx\/wp-content\/uploads\/2020\/02\/WhatsApp-Image-2020-02-16-at-19.57.19-768x768.jpg 768w, https:\/\/fitnessmania.com.mx\/wp-content\/uploads\/2020\/02\/WhatsApp-Image-2020-02-16-at-19.57.19-780x780.jpg 780w, https:\/\/fitnessmania.com.mx\/wp-content\/uploads\/2020\/02\/WhatsApp-Image-2020-02-16-at-19.57.19-750x750.jpg 750w, https:\/\/fitnessmania.com.mx\/wp-content\/uploads\/2020\/02\/WhatsApp-Image-2020-02-16-at-19.57.19-540x540.jpg 540w, https:\/\/fitnessmania.com.mx\/wp-content\/uploads\/2020\/02\/WhatsApp-Image-2020-02-16-at-19.57.19-600x600.jpg 600w, https:\/\/fitnessmania.com.mx\/wp-content\/uploads\/2020\/02\/WhatsApp-Image-2020-02-16-at-19.57.19-100x100.jpg 100w\" sizes=\"auto, (max-width: 960px) 100vw, 960px\" \/><h3>Lic. C\u00e9sar Mendoza<\/h3><div class='dt-sc-team-details'><h5>Presidente FitnessMania<\/h5><\/div><\/div><\/div><div id=\"1574154607888-ce0ec378-1f74\" class=\"dt-sc-empty-space\"><\/div><\/div><\/div><\/div><div class=\"rs_col-sm-6 wpb_column vc_column_container vc_col-sm-4\"><div class=\"vc_column-inner \"><div class=\"wpb_wrapper\"><div class='dt-sc-team default '><div class='dt-sc-team-thumb'><img loading=\"lazy\" decoding=\"async\" width=\"720\" height=\"720\" src=\"https:\/\/fitnessmania.com.mx\/wp-content\/uploads\/2020\/02\/68594572_911781652535757_3442606103823646720_n.jpg\" class=\"attachment-full\" alt=\"\" title=\"68594572_911781652535757_3442606103823646720_n\" srcset=\"https:\/\/fitnessmania.com.mx\/wp-content\/uploads\/2020\/02\/68594572_911781652535757_3442606103823646720_n.jpg 720w, https:\/\/fitnessmania.com.mx\/wp-content\/uploads\/2020\/02\/68594572_911781652535757_3442606103823646720_n-300x300.jpg 300w, https:\/\/fitnessmania.com.mx\/wp-content\/uploads\/2020\/02\/68594572_911781652535757_3442606103823646720_n-150x150.jpg 150w, https:\/\/fitnessmania.com.mx\/wp-content\/uploads\/2020\/02\/68594572_911781652535757_3442606103823646720_n-540x540.jpg 540w, https:\/\/fitnessmania.com.mx\/wp-content\/uploads\/2020\/02\/68594572_911781652535757_3442606103823646720_n-600x600.jpg 600w, https:\/\/fitnessmania.com.mx\/wp-content\/uploads\/2020\/02\/68594572_911781652535757_3442606103823646720_n-100x100.jpg 100w\" sizes=\"auto, (max-width: 720px) 100vw, 720px\" \/><h3>M\u00e9dico Salvador Mendiola<\/h3><div class='dt-sc-team-details'><h5>Vicepresidente<\/h5><\/div><\/div><\/div><div id=\"1574154610284-135318e7-84dd\" class=\"dt-sc-empty-space\"><\/div><div class='dt-sc-team default '><div class='dt-sc-team-thumb'><img loading=\"lazy\" decoding=\"async\" width=\"750\" height=\"760\" src=\"https:\/\/fitnessmania.com.mx\/wp-content\/uploads\/2020\/02\/WhatsApp-Image-2020-02-18-at-17.02.14.jpeg\" class=\"attachment-full\" alt=\"\" title=\"WhatsApp Image 2020-02-18 at 17.02.14\" srcset=\"https:\/\/fitnessmania.com.mx\/wp-content\/uploads\/2020\/02\/WhatsApp-Image-2020-02-18-at-17.02.14.jpeg 750w, https:\/\/fitnessmania.com.mx\/wp-content\/uploads\/2020\/02\/WhatsApp-Image-2020-02-18-at-17.02.14-296x300.jpeg 296w, https:\/\/fitnessmania.com.mx\/wp-content\/uploads\/2020\/02\/WhatsApp-Image-2020-02-18-at-17.02.14-540x547.jpeg 540w, https:\/\/fitnessmania.com.mx\/wp-content\/uploads\/2020\/02\/WhatsApp-Image-2020-02-18-at-17.02.14-600x608.jpeg 600w, https:\/\/fitnessmania.com.mx\/wp-content\/uploads\/2020\/02\/WhatsApp-Image-2020-02-18-at-17.02.14-100x100.jpeg 100w\" sizes=\"auto, (max-width: 750px) 100vw, 750px\" \/><h3>L.N Daniel Jeck<\/h3><div class='dt-sc-team-details'><h5>Director de Congresos - Academia<\/h5><\/div><\/div><\/div><\/div><\/div><\/div><div class=\"rs_col-sm-6 wpb_column vc_column_container vc_col-sm-4\"><div class=\"vc_column-inner \"><div class=\"wpb_wrapper\"><div class='dt-sc-team default '><div class='dt-sc-team-thumb'><img loading=\"lazy\" decoding=\"async\" width=\"960\" height=\"960\" src=\"https:\/\/fitnessmania.com.mx\/wp-content\/uploads\/2020\/02\/WhatsApp-Image-2020-02-16-at-19.57.19.jpeg\" class=\"attachment-full\" alt=\"\" title=\"WhatsApp Image 2020-02-16 at 19.57.19\" srcset=\"https:\/\/fitnessmania.com.mx\/wp-content\/uploads\/2020\/02\/WhatsApp-Image-2020-02-16-at-19.57.19.jpeg 960w, https:\/\/fitnessmania.com.mx\/wp-content\/uploads\/2020\/02\/WhatsApp-Image-2020-02-16-at-19.57.19-300x300.jpeg 300w, https:\/\/fitnessmania.com.mx\/wp-content\/uploads\/2020\/02\/WhatsApp-Image-2020-02-16-at-19.57.19-150x150.jpeg 150w, https:\/\/fitnessmania.com.mx\/wp-content\/uploads\/2020\/02\/WhatsApp-Image-2020-02-16-at-19.57.19-768x768.jpeg 768w, https:\/\/fitnessmania.com.mx\/wp-content\/uploads\/2020\/02\/WhatsApp-Image-2020-02-16-at-19.57.19-780x780.jpeg 780w, https:\/\/fitnessmania.com.mx\/wp-content\/uploads\/2020\/02\/WhatsApp-Image-2020-02-16-at-19.57.19-750x750.jpeg 750w, https:\/\/fitnessmania.com.mx\/wp-content\/uploads\/2020\/02\/WhatsApp-Image-2020-02-16-at-19.57.19-540x540.jpeg 540w, https:\/\/fitnessmania.com.mx\/wp-content\/uploads\/2020\/02\/WhatsApp-Image-2020-02-16-at-19.57.19-600x600.jpeg 600w, https:\/\/fitnessmania.com.mx\/wp-content\/uploads\/2020\/02\/WhatsApp-Image-2020-02-16-at-19.57.19-100x100.jpeg 100w\" sizes=\"auto, (max-width: 960px) 100vw, 960px\" \/><h3>Viridiana Gorena<\/h3><div class='dt-sc-team-details'><h5>Director FitnessMania<\/h5><\/div><\/div><\/div><div id=\"1565265113161-c9478578-592e\" class=\"dt-sc-empty-space\"><\/div><\/div><\/div><\/div><\/div><\/div><\/div><\/div><\/div><div class=\"vc_row wpb_row vc_row-fluid\"><div class=\"wpb_column vc_column_container vc_col-sm-12\"><div class=\"vc_column-inner \"><div class=\"wpb_wrapper\"><div id=\"1549285311649-08a64030-d107\" class=\"dt-sc-empty-space\"><\/div><\/div><\/div><\/div><\/div><div  style='overflow: visible;' data-vc-full-width=\"true\" data-vc-full-width-init=\"false\" class=\"vc_row wpb_row vc_row-fluid vc_custom_1582356260994 vc_row-has-fill\"><div class=\"wpb_column vc_column_container vc_col-sm-6\"><div class=\"vc_column-inner \"><div class=\"wpb_wrapper\"><div id=\"1548327357768-8f29a63c-0bed\" class=\"dt-sc-empty-space\"><\/div><div class='dt-sc-title with-two-color-bg '><h2>Haz nos una pregunta<\/h2><\/div>\n<div class=\"wpcf7 no-js\" id=\"wpcf7-f5707-o1\" lang=\"es-MX\" dir=\"ltr\" data-wpcf7-id=\"5707\">\n<div class=\"screen-reader-response\"><p role=\"status\" aria-live=\"polite\" aria-atomic=\"true\"><\/p> <ul><\/ul><\/div>\n<form action=\"\/en\/wp-json\/wp\/v2\/pages\/5332#wpcf7-f5707-o1\" method=\"post\" class=\"wpcf7-form init contact-frm home-form\" aria-label=\"Formulario de contacto\" novalidate=\"novalidate\" data-status=\"init\">\n<fieldset class=\"hidden-fields-container\"><input type=\"hidden\" name=\"_wpcf7\" value=\"5707\" \/><input type=\"hidden\" name=\"_wpcf7_version\" value=\"6.1.5\" \/><input type=\"hidden\" name=\"_wpcf7_locale\" value=\"es_MX\" \/><input type=\"hidden\" name=\"_wpcf7_unit_tag\" value=\"wpcf7-f5707-o1\" \/><input type=\"hidden\" name=\"_wpcf7_container_post\" value=\"0\" \/><input type=\"hidden\" name=\"_wpcf7_posted_data_hash\" value=\"\" \/>\n<\/fieldset>\n<p><span class=\"wpcf7-form-control-wrap\" data-name=\"your-name\"><input size=\"40\" maxlength=\"400\" class=\"wpcf7-form-control wpcf7-text wpcf7-validates-as-required\" aria-required=\"true\" aria-invalid=\"false\" placeholder=\"Nombre\" value=\"\" type=\"text\" name=\"your-name\" \/><\/span>\n<\/p>\n<p><span class=\"wpcf7-form-control-wrap\" data-name=\"your-email\"><input size=\"40\" maxlength=\"400\" class=\"wpcf7-form-control wpcf7-email wpcf7-validates-as-required wpcf7-text wpcf7-validates-as-email\" aria-required=\"true\" aria-invalid=\"false\" placeholder=\"email\" value=\"\" type=\"email\" name=\"your-email\" \/><\/span>\n<\/p>\n<p><span class=\"wpcf7-form-control-wrap\" data-name=\"your-subject\"><input size=\"40\" maxlength=\"400\" class=\"wpcf7-form-control wpcf7-text\" aria-invalid=\"false\" placeholder=\"Asunto\" value=\"\" type=\"text\" name=\"your-subject\" \/><\/span>\n<\/p>\n<p><span class=\"wpcf7-form-control-wrap\" data-name=\"your-message\"><textarea cols=\"40\" rows=\"10\" maxlength=\"2000\" class=\"wpcf7-form-control wpcf7-textarea\" aria-invalid=\"false\" placeholder=\"Mensaje\" name=\"your-message\"><\/textarea><\/span>\n<\/p>\n<div class=\"dt-sc-clear\">\n<\/div>\n<p><input class=\"wpcf7-form-control wpcf7-submit has-spinner\" type=\"submit\" value=\"Enviar\" \/>\n<\/p><div class=\"wpcf7-response-output\" aria-hidden=\"true\"><\/div>\n<\/form>\n<\/div>\n<div id=\"1548327371091-3533bf5a-3f1a\" class=\"dt-sc-empty-space\"><\/div><\/div><\/div><\/div><div class=\"wpb_column vc_column_container vc_col-sm-6\"><div class=\"vc_column-inner \"><div class=\"wpb_wrapper\">\n\t<div  class=\"wpb_single_image wpb_content_element vc_align_center wpb_content_element vc_custom_1548331460708  overlap-top\">\n\t\t\n\t\t<figure class=\"wpb_wrapper vc_figure\">\n\t\t\t<div class=\"vc_single_image-wrapper   vc_box_border_grey\"><img loading=\"lazy\" decoding=\"async\" width=\"584\" height=\"669\" src=\"https:\/\/fitnessmania.com.mx\/wp-content\/uploads\/2019\/01\/man.png\" class=\"vc_single_image-img attachment-full\" alt=\"Fitness\" title=\"man\" srcset=\"https:\/\/fitnessmania.com.mx\/wp-content\/uploads\/2019\/01\/man.png 584w, https:\/\/fitnessmania.com.mx\/wp-content\/uploads\/2019\/01\/man-262x300.png 262w\" sizes=\"auto, (max-width: 584px) 100vw, 584px\" \/><\/div>\n\t\t<\/figure>\n\t<\/div>\n<\/div><\/div><\/div><\/div><div class=\"vc_row-full-width vc_clearfix\"><\/div><!-- Row Backgrounds --><div class=\"upb_bg_img\" data-ultimate-bg=\"url(https:\/\/fitnessmania.com.mx\/wp-content\/uploads\/2020\/02\/Fondiu.jpg)\" data-image-id=\"4997\" data-ultimate-bg-style=\"vcpb-vz-jquery\" data-bg-img-repeat=\"repeat\" data-bg-img-size=\"cover\" data-bg-img-position=\"\" data-parallx_sense=\"30\" data-bg-override=\"full\" data-bg_img_attach=\"scroll\" data-upb-overlay-color=\"\" data-upb-bg-animation=\"\" data-fadeout=\"\" data-bg-animation=\"left-animation\" data-bg-animation-type=\"h\" data-animation-repeat=\"repeat\" data-fadeout-percentage=\"30\" data-parallax-content=\"\" data-parallax-content-sense=\"30\" data-row-effect-mobile-disable=\"true\" data-img-parallax-mobile-disable=\"true\" data-rtl=\"false\"  data-custom-vc-row=\"\"  data-vc=\"8.1\"  data-is_old_vc=\"\"  data-theme-support=\"\"   data-overlay=\"false\" data-overlay-color=\"\" data-overlay-pattern=\"\" data-overlay-pattern-opacity=\"\" data-overlay-pattern-size=\"\"    ><\/div><div class=\"vc_row wpb_row vc_row-fluid\"><div class=\"wpb_column vc_column_container vc_col-sm-12\"><div class=\"vc_column-inner \"><div class=\"wpb_wrapper\"><div id=\"1548754695842-21a7a95b-18d0\" class=\"dt-sc-empty-space\"><\/div><\/div><\/div><\/div><\/div>\n<\/div>","protected":false},"excerpt":{"rendered":"<p>Nosotros \u00bfQU\u00c9 ES FITNESSMANIA? Somos una\u00a0 liga deportiva integral, que busca unir todos los elementos del fitness, con la finalidad de ser la plataforma mas grande iniciando en nuestro pa\u00eds [&hellip;]<\/p>\n","protected":false},"author":1,"featured_media":0,"parent":0,"menu_order":0,"comment_status":"closed","ping_status":"closed","template":"","meta":{"_bbp_topic_count":0,"_bbp_reply_count":0,"_bbp_total_topic_count":0,"_bbp_total_reply_count":0,"_bbp_voice_count":0,"_bbp_anonymous_reply_count":0,"_bbp_topic_count_hidden":0,"_bbp_reply_count_hidden":0,"_bbp_forum_subforum_count":0,"footnotes":""},"class_list":["post-5332","page","type-page","status-publish","hentry"],"brizy_media":[],"_links":{"self":[{"href":"https:\/\/fitnessmania.com.mx\/en\/wp-json\/wp\/v2\/pages\/5332","targetHints":{"allow":["GET"]}}],"collection":[{"href":"https:\/\/fitnessmania.com.mx\/en\/wp-json\/wp\/v2\/pages"}],"about":[{"href":"https:\/\/fitnessmania.com.mx\/en\/wp-json\/wp\/v2\/types\/page"}],"author":[{"embeddable":true,"href":"https:\/\/fitnessmania.com.mx\/en\/wp-json\/wp\/v2\/users\/1"}],"replies":[{"embeddable":true,"href":"https:\/\/fitnessmania.com.mx\/en\/wp-json\/wp\/v2\/comments?post=5332"}],"version-history":[{"count":31,"href":"https:\/\/fitnessmania.com.mx\/en\/wp-json\/wp\/v2\/pages\/5332\/revisions"}],"predecessor-version":[{"id":6105,"href":"https:\/\/fitnessmania.com.mx\/en\/wp-json\/wp\/v2\/pages\/5332\/revisions\/6105"}],"wp:attachment":[{"href":"https:\/\/fitnessmania.com.mx\/en\/wp-json\/wp\/v2\/media?parent=5332"}],"curies":[{"name":"wp","href":"https:\/\/api.w.org\/{rel}","templated":true}]}}