{"id":2686,"date":"2019-01-30T10:42:41","date_gmt":"2019-01-30T10:42:41","guid":{"rendered":"http:\/\/fitnessmania.com.mx\/?page_id=2686"},"modified":"2021-06-29T16:07:50","modified_gmt":"2021-06-29T21:07:50","slug":"contacto","status":"publish","type":"page","link":"https:\/\/fitnessmania.com.mx\/en\/contact\/contacto\/","title":{"rendered":"Contacto"},"content":{"rendered":"<div class=\"wpb-content-wrapper\"><div data-vc-full-width=\"true\" data-vc-full-width-init=\"false\" data-vc-stretch-content=\"true\" class=\"vc_row wpb_row vc_row-fluid contact2-first-section vc_row-no-padding\"><div class=\"wpb_column vc_column_container vc_col-sm-12\"><div class=\"vc_column-inner\"><div class=\"wpb_wrapper\"><div class=\"wpb_gmaps_widget wpb_content_element wpb_animate_when_almost_visible wpb_zoomIn zoomIn\"><div class=\"wpb_wrapper\"><div class=\"wpb_map_wraper\"><iframe src=\"https:\/\/www.google.com\/maps\/embed?pb=!1m18!1m12!1m3!1d3762.919329846699!2d-99.16573424955153!3d19.41589118682949!2m3!1f0!2f0!3f0!3m2!1i1024!2i768!4f13.1!3m3!1m2!1s0x85d1ff396b193ad1%3A0x64154fcb9f54d251!2sGuanajuato%20202%2C%20Roma%20Nte.%2C%20Cuauht%C3%A9moc%2C%2006700%20Ciudad%20de%20M%C3%A9xico%2C%20CDMX!5e0!3m2!1ses-419!2smx!4v1625000784928!5m2!1ses-419!2smx\" width=\"600\" height=\"435\" style=\"border:0;\" allowfullscreen=\"\" loading=\"lazy\"><\/iframe><\/div><\/div><\/div><\/div><\/div><\/div><\/div><div class=\"vc_row-full-width vc_clearfix\"><\/div><div class=\"vc_row wpb_row vc_row-fluid\"><div class=\"wpb_column vc_column_container vc_col-sm-12\"><div class=\"vc_column-inner\"><div class=\"wpb_wrapper\"><div class=\"vc_row wpb_row vc_inner vc_row-fluid\"><div class=\"wpb_column vc_column_container vc_col-sm-6\"><div class=\"vc_column-inner\"><div class=\"wpb_wrapper\"><div class='dt-sc-title border-title aligncenter'><h2>Ubicaci\u00f3n<\/h2><\/div><div id=\"1582193531350-c04160d2-f1c5\" class=\"dt-sc-empty-space\"><\/div><div class='dt-sc-contact-info  type9'><span class='fa fa-rocket'> <\/span><div>\n<h5 class=\"x3AX1-LfntMc-header-title-title gm2-headline-5\">Guanajuato 202<\/h5>\n<\/div>\n<h5 class=\"x3AX1-LfntMc-header-title-VdSJob\">Roma Nte.<\/h5>\n<h5 class=\"x3AX1-LfntMc-header-title-VdSJob\">Cuauht\u00e9moc<\/h5>\n<h5 class=\"x3AX1-LfntMc-header-title-VdSJob\">06700 Ciudad de M\u00e9xico, CDMX<\/h5><\/div><div id=\"1548845691787-8d4b23dd-a523\" class=\"dt-sc-empty-space\"><\/div><div class='dt-sc-contact-info  type9'><span class='fa fa-envelope'> <\/span><h5><a href=\"mailto:yourname@somemail.com\">info@fitnessmania.com<\/a><\/h5><\/div><div id=\"1548842954408-213c4867-9a67\" class=\"dt-sc-empty-space\"><\/div><div class='dt-sc-contact-info  type9'><span class='fa fa-phone'> <\/span><h5>+55 34 77 88 29<\/h5><\/div><div id=\"1625000592399-5640cc90-e165\" class=\"dt-sc-empty-space\"><\/div><div class='dt-sc-contact-info  type9'><h1>Horarios<\/h1>\n<p>Lunes a Viernes 09:00 am - 06:00 pm<\/p>\n<p>S\u00e1bado 09:00 am - 02:00 pm<\/div><div id=\"1548842966452-e420b092-8478\" class=\"dt-sc-empty-space\"><\/div><\/div><\/div><\/div><div class=\"wpb_column vc_column_container vc_col-sm-6\"><div class=\"vc_column-inner\"><div class=\"wpb_wrapper\"><div class='dt-sc-title border-title aligncenter'><h2>Contacto<\/h2><\/div><div id=\"1582193537116-4cbb27e2-b19e\" class=\"dt-sc-empty-space\"><\/div>\n<div class=\"wpcf7 no-js\" id=\"wpcf7-f5707-o1\" lang=\"es-MX\" dir=\"ltr\" data-wpcf7-id=\"5707\">\n<div class=\"screen-reader-response\"><p role=\"status\" aria-live=\"polite\" aria-atomic=\"true\"><\/p> <ul><\/ul><\/div>\n<form action=\"\/en\/wp-json\/wp\/v2\/pages\/2686#wpcf7-f5707-o1\" method=\"post\" class=\"wpcf7-form init contact-frm2\" aria-label=\"Formulario de contacto\" novalidate=\"novalidate\" data-status=\"init\" data-trp-original-action=\"\/en\/wp-json\/wp\/v2\/pages\/2686#wpcf7-f5707-o1\">\n<fieldset class=\"hidden-fields-container\"><input type=\"hidden\" name=\"_wpcf7\" value=\"5707\" \/><input type=\"hidden\" name=\"_wpcf7_version\" value=\"6.1.5\" \/><input type=\"hidden\" name=\"_wpcf7_locale\" value=\"es_MX\" \/><input type=\"hidden\" name=\"_wpcf7_unit_tag\" value=\"wpcf7-f5707-o1\" \/><input type=\"hidden\" name=\"_wpcf7_container_post\" value=\"0\" \/><input type=\"hidden\" name=\"_wpcf7_posted_data_hash\" value=\"\" \/>\n<\/fieldset>\n<p><span class=\"wpcf7-form-control-wrap\" data-name=\"your-name\"><input size=\"40\" maxlength=\"400\" class=\"wpcf7-form-control wpcf7-text wpcf7-validates-as-required\" aria-required=\"true\" aria-invalid=\"false\" placeholder=\"Nombre\" value=\"\" type=\"text\" name=\"your-name\" \/><\/span>\n<\/p>\n<p><span class=\"wpcf7-form-control-wrap\" data-name=\"your-email\"><input size=\"40\" maxlength=\"400\" class=\"wpcf7-form-control wpcf7-email wpcf7-validates-as-required wpcf7-text wpcf7-validates-as-email\" aria-required=\"true\" aria-invalid=\"false\" placeholder=\"email\" value=\"\" type=\"email\" name=\"your-email\" \/><\/span>\n<\/p>\n<p><span class=\"wpcf7-form-control-wrap\" data-name=\"your-subject\"><input size=\"40\" maxlength=\"400\" class=\"wpcf7-form-control wpcf7-text\" aria-invalid=\"false\" placeholder=\"Asunto\" value=\"\" type=\"text\" name=\"your-subject\" \/><\/span>\n<\/p>\n<p><span class=\"wpcf7-form-control-wrap\" data-name=\"your-message\"><textarea cols=\"40\" rows=\"10\" maxlength=\"2000\" class=\"wpcf7-form-control wpcf7-textarea\" aria-invalid=\"false\" placeholder=\"Mensaje\" name=\"your-message\"><\/textarea><\/span>\n<\/p>\n<div class=\"dt-sc-clear\">\n<\/div>\n<p><input class=\"wpcf7-form-control wpcf7-submit has-spinner\" type=\"submit\" value=\"Enviar\" \/>\n<\/p><div class=\"wpcf7-response-output\" aria-hidden=\"true\"><\/div>\n<input type=\"hidden\" name=\"trp-form-language\" value=\"en\"\/><\/form>\n<\/div>\n<\/div><\/div><\/div><\/div><\/div><\/div><\/div><\/div><div data-vc-full-width=\"true\" data-vc-full-width-init=\"false\" class=\"vc_row wpb_row vc_row-fluid vc_custom_1582191877216 vc_row-o-content-middle vc_row-flex\"><div class=\"rs_col-sm-12 wpb_column vc_column_container vc_col-sm-12\"><div class=\"vc_column-inner\"><div class=\"wpb_wrapper\">\n\t<div  class=\"wpb_single_image wpb_content_element vc_align_center wpb_content_element\">\n\t\t\n\t\t<figure class=\"wpb_wrapper vc_figure\">\n\t\t\t<div class=\"vc_single_image-wrapper   vc_box_border_grey\"><img loading=\"lazy\" decoding=\"async\" width=\"300\" height=\"281\" src=\"https:\/\/fitnessmania.com.mx\/wp-content\/uploads\/2020\/02\/Logo_FitnessMania-1-300x281.png\" class=\"vc_single_image-img attachment-medium\" alt=\"\" title=\"Logo_FitnessMania\" srcset=\"https:\/\/fitnessmania.com.mx\/wp-content\/uploads\/2020\/02\/Logo_FitnessMania-1-300x281.png 300w, https:\/\/fitnessmania.com.mx\/wp-content\/uploads\/2020\/02\/Logo_FitnessMania-1-540x505.png 540w, https:\/\/fitnessmania.com.mx\/wp-content\/uploads\/2020\/02\/Logo_FitnessMania-1-600x562.png 600w, https:\/\/fitnessmania.com.mx\/wp-content\/uploads\/2020\/02\/Logo_FitnessMania-1.png 688w\" sizes=\"auto, (max-width: 300px) 100vw, 300px\" \/><\/div>\n\t\t<\/figure>\n\t<\/div>\n<\/div><\/div><\/div><\/div><div class=\"vc_row-full-width vc_clearfix\"><\/div><!-- Row Backgrounds --><div class=\"upb_bg_img\" data-ultimate-bg=\"url(https:\/\/fitnessmania.com.mx\/wp-content\/uploads\/2020\/02\/Fondo_Nosotros.jpg)\" data-image-id=\"id^5348|url^http:\/\/fitnessmania.com.mx\/wp-content\/uploads\/2020\/02\/Fondo_Nosotros.jpg|caption^null|alt^null|title^Fondo_Nosotros|description^null\" data-ultimate-bg-style=\"vcpb-vz-jquery\" data-bg-img-repeat=\"no-repeat\" data-bg-img-size=\"cover\" data-bg-img-position=\"\" data-parallx_sense=\"30\" data-bg-override=\"0\" data-bg_img_attach=\"scroll\" data-upb-overlay-color=\"\" data-upb-bg-animation=\"\" data-fadeout=\"\" data-bg-animation=\"left-animation\" data-bg-animation-type=\"h\" data-animation-repeat=\"repeat\" data-fadeout-percentage=\"30\" data-parallax-content=\"\" data-parallax-content-sense=\"30\" data-row-effect-mobile-disable=\"true\" data-img-parallax-mobile-disable=\"true\" data-rtl=\"false\"  data-custom-vc-row=\"\"  data-vc=\"8.1\"  data-is_old_vc=\"\"  data-theme-support=\"\"   data-overlay=\"false\" data-overlay-color=\"\" data-overlay-pattern=\"\" data-overlay-pattern-opacity=\"\" data-overlay-pattern-size=\"\"    ><\/div><div class=\"vc_row wpb_row vc_row-fluid\"><div class=\"wpb_column vc_column_container vc_col-sm-12\"><div class=\"vc_column-inner\"><div class=\"wpb_wrapper\"><div id=\"1582193505746-2a320fa4-32df\" class=\"dt-sc-empty-space\"><\/div><\/div><\/div><\/div><\/div><div class=\"vc_row wpb_row vc_row-fluid\"><div class=\"wpb_column vc_column_container vc_col-sm-12\"><div class=\"vc_column-inner\"><div class=\"wpb_wrapper\"><div id=\"1551697803407-60043cb5-7554\" class=\"dt-sc-empty-space\"><\/div><\/div><\/div><\/div><\/div>\n<\/div>","protected":false},"excerpt":{"rendered":"<p>Ubicaci\u00f3n Guanajuato 202 Roma Nte. Cuauht\u00e9moc 06700 Ciudad de M\u00e9xico, CDMX info@fitnessmania.com +55 34 77 88 29Horarios Lunes a Viernes 09:00 am &#8211; 06:00 pm S\u00e1bado 09:00 am &#8211; 02:00 [&hellip;]<\/p>\n","protected":false},"author":1,"featured_media":0,"parent":2670,"menu_order":0,"comment_status":"closed","ping_status":"closed","template":"","meta":{"_bbp_topic_count":0,"_bbp_reply_count":0,"_bbp_total_topic_count":0,"_bbp_total_reply_count":0,"_bbp_voice_count":0,"_bbp_anonymous_reply_count":0,"_bbp_topic_count_hidden":0,"_bbp_reply_count_hidden":0,"_bbp_forum_subforum_count":0,"footnotes":""},"class_list":["post-2686","page","type-page","status-publish","hentry"],"brizy_media":[],"_links":{"self":[{"href":"https:\/\/fitnessmania.com.mx\/en\/wp-json\/wp\/v2\/pages\/2686","targetHints":{"allow":["GET"]}}],"collection":[{"href":"https:\/\/fitnessmania.com.mx\/en\/wp-json\/wp\/v2\/pages"}],"about":[{"href":"https:\/\/fitnessmania.com.mx\/en\/wp-json\/wp\/v2\/types\/page"}],"author":[{"embeddable":true,"href":"https:\/\/fitnessmania.com.mx\/en\/wp-json\/wp\/v2\/users\/1"}],"replies":[{"embeddable":true,"href":"https:\/\/fitnessmania.com.mx\/en\/wp-json\/wp\/v2\/comments?post=2686"}],"version-history":[{"count":20,"href":"https:\/\/fitnessmania.com.mx\/en\/wp-json\/wp\/v2\/pages\/2686\/revisions"}],"predecessor-version":[{"id":6107,"href":"https:\/\/fitnessmania.com.mx\/en\/wp-json\/wp\/v2\/pages\/2686\/revisions\/6107"}],"up":[{"embeddable":true,"href":"https:\/\/fitnessmania.com.mx\/en\/wp-json\/wp\/v2\/pages\/2670"}],"wp:attachment":[{"href":"https:\/\/fitnessmania.com.mx\/en\/wp-json\/wp\/v2\/media?parent=2686"}],"curies":[{"name":"wp","href":"https:\/\/api.w.org\/{rel}","templated":true}]}}